{"id":827,"date":"2023-06-01T14:52:02","date_gmt":"2023-06-01T12:52:02","guid":{"rendered":"https:\/\/hdbdogshop.com\/?post_type=product&#038;p=827"},"modified":"2025-03-06T16:31:01","modified_gmt":"2025-03-06T15:31:01","slug":"boudin-30x20-cm-tissu-renforce","status":"publish","type":"product","link":"https:\/\/hdbdogshop.com\/pt\/produto\/boudin-30x20-cm-tissu-renforce\/","title":{"rendered":"Lingui\u00e7a 30\u00d720 cm tecido refor\u00e7ado"},"content":{"rendered":"<p>Salsicha de tecido resistente<\/p>\n<p>enchimento de espuma<\/p>\n<p>&nbsp;<\/p>","protected":false},"excerpt":{"rendered":"<p>Salsicha de tecido dur\u00e1vel com enchimento de espuma &nbsp;<\/p>","protected":false},"featured_media":828,"comment_status":"open","ping_status":"closed","template":"","meta":{"_et_pb_use_builder":"","_et_pb_old_content":"","_et_gb_content_width":""},"product_brand":[],"product_cat":[20],"product_tag":[],"class_list":{"0":"post-827","1":"product","2":"type-product","3":"status-publish","4":"has-post-thumbnail","6":"product_cat-boudins","8":"first","9":"instock","10":"shipping-taxable","11":"purchasable","12":"product-type-simple"},"_links":{"self":[{"href":"https:\/\/hdbdogshop.com\/pt\/wp-json\/wp\/v2\/product\/827","targetHints":{"allow":["GET"]}}],"collection":[{"href":"https:\/\/hdbdogshop.com\/pt\/wp-json\/wp\/v2\/product"}],"about":[{"href":"https:\/\/hdbdogshop.com\/pt\/wp-json\/wp\/v2\/types\/product"}],"replies":[{"embeddable":true,"href":"https:\/\/hdbdogshop.com\/pt\/wp-json\/wp\/v2\/comments?post=827"}],"wp:featuredmedia":[{"embeddable":true,"href":"https:\/\/hdbdogshop.com\/pt\/wp-json\/wp\/v2\/media\/828"}],"wp:attachment":[{"href":"https:\/\/hdbdogshop.com\/pt\/wp-json\/wp\/v2\/media?parent=827"}],"wp:term":[{"taxonomy":"product_brand","embeddable":true,"href":"https:\/\/hdbdogshop.com\/pt\/wp-json\/wp\/v2\/product_brand?post=827"},{"taxonomy":"product_cat","embeddable":true,"href":"https:\/\/hdbdogshop.com\/pt\/wp-json\/wp\/v2\/product_cat?post=827"},{"taxonomy":"product_tag","embeddable":true,"href":"https:\/\/hdbdogshop.com\/pt\/wp-json\/wp\/v2\/product_tag?post=827"}],"curies":[{"name":"wp","href":"https:\/\/api.w.org\/{rel}","templated":true}]}}