{"id":273,"date":"2022-05-17T15:51:59","date_gmt":"2022-05-17T13:51:59","guid":{"rendered":"https:\/\/hdbdogshop.com\/?post_type=product&#038;p=273"},"modified":"2026-01-23T11:53:05","modified_gmt":"2026-01-23T10:53:05","slug":"collier-5-cm","status":"publish","type":"product","link":"https:\/\/hdbdogshop.com\/pt\/produto\/collier-5-cm\/","title":{"rendered":"Colar 5 cm (bordado do primeiro nome inclu\u00eddo, fivelas de a\u00e7o inoxid\u00e1vel)"},"content":{"rendered":"","protected":false},"excerpt":{"rendered":"","protected":false},"featured_media":236,"comment_status":"open","ping_status":"closed","template":"","meta":{"_et_pb_use_builder":"","_et_pb_old_content":"","_et_gb_content_width":""},"product_brand":[],"product_cat":[122,18],"product_tag":[],"class_list":{"0":"post-273","1":"product","2":"type-product","3":"status-publish","4":"has-post-thumbnail","6":"product_cat-collier-5-cm","7":"product_cat-colliers","9":"first","10":"instock","11":"shipping-taxable","12":"purchasable","13":"product-type-simple"},"_links":{"self":[{"href":"https:\/\/hdbdogshop.com\/pt\/wp-json\/wp\/v2\/product\/273","targetHints":{"allow":["GET"]}}],"collection":[{"href":"https:\/\/hdbdogshop.com\/pt\/wp-json\/wp\/v2\/product"}],"about":[{"href":"https:\/\/hdbdogshop.com\/pt\/wp-json\/wp\/v2\/types\/product"}],"replies":[{"embeddable":true,"href":"https:\/\/hdbdogshop.com\/pt\/wp-json\/wp\/v2\/comments?post=273"}],"wp:featuredmedia":[{"embeddable":true,"href":"https:\/\/hdbdogshop.com\/pt\/wp-json\/wp\/v2\/media\/236"}],"wp:attachment":[{"href":"https:\/\/hdbdogshop.com\/pt\/wp-json\/wp\/v2\/media?parent=273"}],"wp:term":[{"taxonomy":"product_brand","embeddable":true,"href":"https:\/\/hdbdogshop.com\/pt\/wp-json\/wp\/v2\/product_brand?post=273"},{"taxonomy":"product_cat","embeddable":true,"href":"https:\/\/hdbdogshop.com\/pt\/wp-json\/wp\/v2\/product_cat?post=273"},{"taxonomy":"product_tag","embeddable":true,"href":"https:\/\/hdbdogshop.com\/pt\/wp-json\/wp\/v2\/product_tag?post=273"}],"curies":[{"name":"wp","href":"https:\/\/api.w.org\/{rel}","templated":true}]}}