{"id":1295,"date":"2026-01-23T16:18:56","date_gmt":"2026-01-23T15:18:56","guid":{"rendered":"https:\/\/hdbdogshop.com\/?post_type=product&#038;p=1295"},"modified":"2026-01-23T16:33:01","modified_gmt":"2026-01-23T15:33:01","slug":"boudin-flottant-en-tissu-renforce","status":"publish","type":"product","link":"https:\/\/hdbdogshop.com\/pt\/produto\/boudin-flottant-en-tissu-renforce\/","title":{"rendered":"Boudin flottant en tissu renforc\u00e9"},"content":{"rendered":"<p>boudin sp\u00e9cial activit\u00e9 nautique<\/p>\n<p>flottant en tissu renforc\u00e9<\/p>\n<p>50&#215;10 cm<\/p>\n<p>&nbsp;<\/p>\n<p>&nbsp;<\/p>","protected":false},"excerpt":{"rendered":"<p>boudin sp\u00e9cial activit\u00e9 nautique flottant en tissu renforc\u00e9 50&#215;10 cm &nbsp; &nbsp;<\/p>","protected":false},"featured_media":1296,"comment_status":"open","ping_status":"closed","template":"","meta":{"_et_pb_use_builder":"","_et_pb_old_content":"","_et_gb_content_width":""},"product_brand":[],"product_cat":[20],"product_tag":[],"class_list":{"0":"post-1295","1":"product","2":"type-product","3":"status-publish","4":"has-post-thumbnail","6":"product_cat-boudins","8":"first","9":"instock","10":"shipping-taxable","11":"purchasable","12":"product-type-simple"},"_links":{"self":[{"href":"https:\/\/hdbdogshop.com\/pt\/wp-json\/wp\/v2\/product\/1295","targetHints":{"allow":["GET"]}}],"collection":[{"href":"https:\/\/hdbdogshop.com\/pt\/wp-json\/wp\/v2\/product"}],"about":[{"href":"https:\/\/hdbdogshop.com\/pt\/wp-json\/wp\/v2\/types\/product"}],"replies":[{"embeddable":true,"href":"https:\/\/hdbdogshop.com\/pt\/wp-json\/wp\/v2\/comments?post=1295"}],"wp:featuredmedia":[{"embeddable":true,"href":"https:\/\/hdbdogshop.com\/pt\/wp-json\/wp\/v2\/media\/1296"}],"wp:attachment":[{"href":"https:\/\/hdbdogshop.com\/pt\/wp-json\/wp\/v2\/media?parent=1295"}],"wp:term":[{"taxonomy":"product_brand","embeddable":true,"href":"https:\/\/hdbdogshop.com\/pt\/wp-json\/wp\/v2\/product_brand?post=1295"},{"taxonomy":"product_cat","embeddable":true,"href":"https:\/\/hdbdogshop.com\/pt\/wp-json\/wp\/v2\/product_cat?post=1295"},{"taxonomy":"product_tag","embeddable":true,"href":"https:\/\/hdbdogshop.com\/pt\/wp-json\/wp\/v2\/product_tag?post=1295"}],"curies":[{"name":"wp","href":"https:\/\/api.w.org\/{rel}","templated":true}]}}