{"id":1289,"date":"2026-01-23T16:15:19","date_gmt":"2026-01-23T15:15:19","guid":{"rendered":"https:\/\/hdbdogshop.com\/?post_type=product&#038;p=1289"},"modified":"2026-01-23T16:16:21","modified_gmt":"2026-01-23T15:16:21","slug":"boudin-balle-tissu-renforce-taille-m","status":"publish","type":"product","link":"https:\/\/hdbdogshop.com\/pt\/produto\/boudin-balle-tissu-renforce-taille-m\/","title":{"rendered":"Boudin balle tissu renforc\u00e9 taille M"},"content":{"rendered":"<p>&nbsp;<\/p>\n<p>boudin balle en tissu renforc\u00e9<\/p>\n<p>remplissage interieur peluche, tr\u00e8s souple<\/p>\n<p>&nbsp;<\/p>\n<p>15 cm de diam\u00e8tre<\/p>","protected":false},"excerpt":{"rendered":"<p>&nbsp; boudin balle en tissu renforc\u00e9 remplissage interieur peluche, tr\u00e8s souple &nbsp; 15 cm de diam\u00e8tre<\/p>","protected":false},"featured_media":1154,"comment_status":"open","ping_status":"closed","template":"","meta":{"_et_pb_use_builder":"","_et_pb_old_content":"","_et_gb_content_width":""},"product_brand":[],"product_cat":[20],"product_tag":[],"class_list":{"0":"post-1289","1":"product","2":"type-product","3":"status-publish","4":"has-post-thumbnail","6":"product_cat-boudins","8":"first","9":"instock","10":"shipping-taxable","11":"purchasable","12":"product-type-simple"},"_links":{"self":[{"href":"https:\/\/hdbdogshop.com\/pt\/wp-json\/wp\/v2\/product\/1289","targetHints":{"allow":["GET"]}}],"collection":[{"href":"https:\/\/hdbdogshop.com\/pt\/wp-json\/wp\/v2\/product"}],"about":[{"href":"https:\/\/hdbdogshop.com\/pt\/wp-json\/wp\/v2\/types\/product"}],"replies":[{"embeddable":true,"href":"https:\/\/hdbdogshop.com\/pt\/wp-json\/wp\/v2\/comments?post=1289"}],"wp:featuredmedia":[{"embeddable":true,"href":"https:\/\/hdbdogshop.com\/pt\/wp-json\/wp\/v2\/media\/1154"}],"wp:attachment":[{"href":"https:\/\/hdbdogshop.com\/pt\/wp-json\/wp\/v2\/media?parent=1289"}],"wp:term":[{"taxonomy":"product_brand","embeddable":true,"href":"https:\/\/hdbdogshop.com\/pt\/wp-json\/wp\/v2\/product_brand?post=1289"},{"taxonomy":"product_cat","embeddable":true,"href":"https:\/\/hdbdogshop.com\/pt\/wp-json\/wp\/v2\/product_cat?post=1289"},{"taxonomy":"product_tag","embeddable":true,"href":"https:\/\/hdbdogshop.com\/pt\/wp-json\/wp\/v2\/product_tag?post=1289"}],"curies":[{"name":"wp","href":"https:\/\/api.w.org\/{rel}","templated":true}]}}