{"id":1146,"date":"2025-02-18T11:26:45","date_gmt":"2025-02-18T10:26:45","guid":{"rendered":"https:\/\/hdbdogshop.com\/?post_type=product&#038;p=1146"},"modified":"2025-06-03T19:10:03","modified_gmt":"2025-06-03T17:10:03","slug":"boudin-moumoute-30x20-cm","status":"publish","type":"product","link":"https:\/\/hdbdogshop.com\/pt\/produto\/boudin-moumoute-30x20-cm\/","title":{"rendered":"Boudin Moumoute 30\u00d720 cm"},"content":{"rendered":"<p>Boudin em pele<\/p>\n<p>enchimento interior de pel\u00facia<\/p>\n<p>ideal para filhotes ou c\u00e3es jovens<\/p>","protected":false},"excerpt":{"rendered":"<p>Lingui\u00e7a de pel\u00facia com recheio interno, ideal para filhotes ou c\u00e3es jovens<\/p>","protected":false},"featured_media":1144,"comment_status":"open","ping_status":"closed","template":"","meta":{"_et_pb_use_builder":"","_et_pb_old_content":"","_et_gb_content_width":""},"product_brand":[],"product_cat":[20],"product_tag":[],"class_list":{"0":"post-1146","1":"product","2":"type-product","3":"status-publish","4":"has-post-thumbnail","6":"product_cat-boudins","8":"first","9":"instock","10":"shipping-taxable","11":"purchasable","12":"product-type-simple"},"_links":{"self":[{"href":"https:\/\/hdbdogshop.com\/pt\/wp-json\/wp\/v2\/product\/1146","targetHints":{"allow":["GET"]}}],"collection":[{"href":"https:\/\/hdbdogshop.com\/pt\/wp-json\/wp\/v2\/product"}],"about":[{"href":"https:\/\/hdbdogshop.com\/pt\/wp-json\/wp\/v2\/types\/product"}],"replies":[{"embeddable":true,"href":"https:\/\/hdbdogshop.com\/pt\/wp-json\/wp\/v2\/comments?post=1146"}],"wp:featuredmedia":[{"embeddable":true,"href":"https:\/\/hdbdogshop.com\/pt\/wp-json\/wp\/v2\/media\/1144"}],"wp:attachment":[{"href":"https:\/\/hdbdogshop.com\/pt\/wp-json\/wp\/v2\/media?parent=1146"}],"wp:term":[{"taxonomy":"product_brand","embeddable":true,"href":"https:\/\/hdbdogshop.com\/pt\/wp-json\/wp\/v2\/product_brand?post=1146"},{"taxonomy":"product_cat","embeddable":true,"href":"https:\/\/hdbdogshop.com\/pt\/wp-json\/wp\/v2\/product_cat?post=1146"},{"taxonomy":"product_tag","embeddable":true,"href":"https:\/\/hdbdogshop.com\/pt\/wp-json\/wp\/v2\/product_tag?post=1146"}],"curies":[{"name":"wp","href":"https:\/\/api.w.org\/{rel}","templated":true}]}}