{"id":265,"date":"2022-05-17T15:44:30","date_gmt":"2022-05-17T13:44:30","guid":{"rendered":"https:\/\/hdbdogshop.com\/?page_id=265"},"modified":"2023-10-24T22:35:58","modified_gmt":"2023-10-24T20:35:58","slug":"contact","status":"publish","type":"page","link":"https:\/\/hdbdogshop.com\/pt\/contact\/","title":{"rendered":"Contato"},"content":{"rendered":"<p>[et_pb_section fb_built= \u00bb1\u2033 admin_label= \u00bbProdutos \u00bb _builder_version= \u00bb4.16\u2033 _module_preset= \u00bbpadr\u00e3o \u00bb global_colors_info= \u00bb{} \u00bb][et_pb_row _builder_version= \u00bb4.16\u2033 _module_preset= \u00bbpadr\u00e3o \u00bb global_colors_info= \u00bb{} \u00bb][et_pb_column type= \u00bb4_4\u2033 _builder_version= \u00bb4.16\u2033 _module_preset= \u00bbpadr\u00e3o \u00bb global_colors_info= \u00bb{} \u00bb][et_pb_text _builder_version= \u00bb4.16\u2033 _module_preset= \u00bbpadr\u00e3o \u00bb header_2_font= \u00bbCerca de um|700||||||| \u00bb header_2_text_color= \u00bb#000000\u2033 header_2_font_size= \u00bb37px \u00bb header_2_line_height= \u00bb1.3em \u00bb text_orientation= \u00bbcenter \u00bb Animation_style= \u00bbfade \u00bb header_2_font_size_tablet= \u00bb24px \u00bb header_2_font_size_phone= \u00bb18px \u00bb header_2_font_size_last_edited = \u00bbon|phone \u00bb header_2_ line_height_tablet= \u00bb1,5em \u00bb header_2_line_height_phone= \u00bb1.6em \u00bb header_2_line_height_last_edited= \u00bbno|desktop \u00bb global_colors_info= \u00bb{} \u00bb]<\/p>\n<h2>Contate-Nos<\/h2>\n<p>[\/et_pb_text] info= \u00bb{} \u00bb][et_pb_contact_form email= \u00bbhdbdogshop@outlook.fr \u00bb success_message= \u00bbObrigado pela sua mensagem! \u00bb _builder_version= \u00bb4.16\u2033 _module_preset= \u00bbpadr\u00e3o \u00bb _unique_id= \u00bbaf46a000-8b09-46dd-bbc1-01fa97b16e98\u2033 global_colors_info= \u00bb{} \u00bb][et_pb_contact_field field_id= \u00bbNome \u00bb field_title= \u00bbNome \u00bb _builder_version= \u00bb4.16\u2033 global_ cores_info = \u00bb{} \u00bb button_text_size__hover_enabled= \u00bboff \u00bb button_one_text_size__hover_enabled= \u00bboff \u00bb button_two_text_size__hover_enabled= \u00bboff \u00bb button_text_color__hover_enabled= \u00bboff \u00bb button_one_text_color__hover_enabled= \u00bboff \u00bb button_two_text_color__hover_enabled= \u00bboff \u00bb button_border_width__hover_enabled= \u00bboff d = \u00bbdesligado\u00bb button_one_border_width__hover_enabled = \u00bbdesligado \u00bb button_two_border_width__hover_enabled = \u00bbdesligado \u00bb button_border_color__hover_enabled = \u00bboff \u00bb button_one_border_color__hover_enabled = \u00bboff \u00bb button_two_border_color__hover_enabled = \u00bboff \u00bb button_border_radius__hover_enabled = \u00bboff \u00bb button_one_border_radius__hover_enabled = \u00bboff \u00bb button_two_border_radius__hover_enabled = \u00bboff \u00bb button_letter_spacing__h over_enabled = \u00bbdesligado\u00bb button_one_ letter_spacing__hover_enabled= \u00bbdesligado \u00bb button_two_letter_spacing__hover_enabled= \u00bbdesligado \u00bb button_bg_color__hover_enabled= \u00bbdesligado \u00bb button_one_bg_color__hover_enabled = \u00bboff \u00bb button_two_bg_color__hover_enabled = \u00bboff \u00bb][\/et_pb_contact_field][et_pb_contact_field field_id= \u00bbE-mail \u00bb field_title= \u00bbEndere\u00e7o de e-mail \u00bb field_type= \u00bbe-mail \u00bb _builder_version= \u00bb4.16\u2033 global_colors_info= \u00bb{} \u00bb button_text_size__hover_enabled= \u00bboff \u00bb button_one_text_size__hover_enabled= \u00bboff \u00bb button_two_text_size__hover_enabled= \u00bboff \u00bb button_text_color__hover_enabled= \u00bboff \u00bb button_one_text_color__hover_enabled= \u00bboff \u00bb button_two_text_color__hover_enabled= \u00bboff \u00bb button_border_width__hover_enabled= \u00bboff \u00bb button_one_border_width__hover_enabled= \u00bboff \u00bb d= \u00bbdesligado\u00bb button_two_border_width__hover_enabled= \u00bbdesligado \u00bb button_border_color__hover_enabled= \u00bbdesligado \u00bb button_one_border_color__hover_enabled= \u00bbdesligado \u00bb button_two_border_color__hover_enabled= \u00bboff \u00bb button_border_radius__hover_enabled= \u00bboff \u00bb button_one_border_radius__hover_enabled= \u00bboff \u00bb button_two_border_radius__hover_enabled= \u00bboff \u00bb button_letter_spacing__hover_enabled= \u00bboff \u00bb button_one_letter_spacing__hover_enabled= \u00bboff \u00bb r _spacing__hover_enabled= \u00bbdesligado \u00bb button_bg_color__hover_enabled= \u00bbdesligado \u00bb button_one_bg_color__hover_enabled= \u00bbdesligado \u00bb button_two_bg_color__hover_enabled= \u00bb off \u00bb ][\/et_pb_contact_field][et_pb_contact_field field_id= \u00bbMensagem \u00bb field_title= \u00bbMensagem \u00bb field_type= \u00bbtexto \u00bb fullwidth_field= \u00bbon \u00bb _builder_version= \u00bb4.16\u2033 global_colors_info= \u00bb{} \u00bb button_text_size__hover_enabled= \u00bboff \u00bb button_one_text_size__hover_enabled= \u00bboff \u00bb button_two_text_ size__hover_enabled= \u00bboff \u00bb button_text_color__hover_enabled= \u00bboff \u00bb button_one_text_color__hover_enabled= \u00bboff \u00bb button_two_text_color__hover_enabled= \u00bboff \u00bb button_border_width__hover_enabled= \u00bboff \u00bb button_one_border_width__hover_enabled= \u00bboff \u00bb button_two_border_width__hover _enabled= \u00bbdesligado \u00bb button_border_color__ hover_enabled= \u00bbdesligado \u00bb button_one_border_color__hover_enabled= \u00bbdesligado \u00bb button_two_border_color__hover_enabled= \u00bb off \u00bb button_border_radius__hover_enabled= \u00bboff \u00bb button_one_border_radius__hover_enabled= \u00bboff \u00bb button_two_border_radius__hover_enabled= \u00bboff \u00bb button_letter_spacing__hover_enabled= \u00bboff \u00bb button_one_letter_spacing__hover_enabled= \u00bboff \u00bb button_two_letter_spacing__hover_enabled= \u00bboff \u00bb bg_color__hover_enabled= \u00bbdesligado \u00bb bot\u00e3o_ one_bg_color__hover_enabled= \u00bbdesligado \u00bb bot\u00e3o_two_bg_color__hover_enabled= \u00bbdesligado \u00bb][ \/et_pb_contact_field][\/ et_pb_contact_form][et_pb_text _builder_version= \u00bb4,16\u2033 _module_preset= \u00bbpadr\u00e3o \u00bb text_font_size= \u00bb19px \u00bb global_colors_info= \u00bb{} \u00bb]<\/p>\n<h3>HDB ADB<\/h3>\n<p>Rua da Azenha 19<br \/>2510 508 Olho Marinho \u2013 Portugal<\/p>\n<p>06 24 74 05 79<\/p>\n<p>contato.hdbdogshop@gmail.com<\/p>\n<p>[\/et_pb_text][\/et_pb_column][\/et_pb_row][\/et_pb_section][et_pb_section fb_built= \u00bb1\u2033 admin_label= \u00bbRodap\u00e9 \u00bb _builder_version= \u00bb4.14.8\u2033 _module_preset= \u00bbpadr\u00e3o \u00bb background_color= \u00bbrgba(229,64,69 ,0.06) \u00bb top_divider_style= \u00bbrampa \u00bb top_divider_color= \u00bb#ffffff \u00bb top_divider_height= \u00bb80% \u00bb top_divider_flip= \u00bbvertical \u00bb global_module= \u00bb276\u2033 bloqueado= \u00bbdesligado \u00bb global_colors_info= \u00bb{} \u00bb][et_pb_row column_structure= \u00bb1_4,1_4, 1_4,1_4 \u2033 _builder_version = &quot;4.16 \u2033 _Module_Preset =&quot; padr\u00e3o &quot;animation_style =&quot; slide &quot;animation_direction =&quot; BotTom &quot;animation_intensity_slide =&quot; 9% &quot;global_colors_info =&quot; {} &quot;] _Builder_version = \u00bb4.16 \u2033 _Module_Preset = \u00bbpadr\u00e3o \u00bb global_colors_info= \u00bb { } \u00bb][et_pb_text _builder_version= \u00bb4.16\u2033 _module_preset= \u00bbpadr\u00e3o \u00bb text_font_size= \u00bb16px \u00bb text_line_height= \u00bb1.4em \u00bb header_2_line_height= \u00bb1.3em \u00bb header_3_font= \u00bbCerca de um|700|||| \u00bb header_3_text_color= \u00bb#000000\u2033 header_3_font_size= \u00bb16px \u00bb header_3_line_height= \u00bb1.6em \u00bb custom_margin= \u00bb||10px||false|false \u00bb text_font_size_tablet= \u00bb \u00bb text_font_size_phone= \u00bb14px \u00bb text_font_size_last_edited= \u00bbon|phone \u00bb text_line_height_tablet= \u00bb1.6em \u00bb text_line_height_phone= \u00bb1.8em \u00bb text_line_height_last_edited= \u00bbon|tablet \u00bb header_2_line_height_tablet= \u00bb1.5em \u00bb header_2_line_height_phone= \u00bb1.6em \u00bb header_2_line_height_last_edited= \u00bbon|desktop \u00bb header_3_font_size_tablet= \u00bb18px \u00bb header_3_font_size _phone= \u00bb16 px \u00bb header_3_font_size_last_edited= \u00bbdesligado|desktop \u00bb header_3_line_height_tablet= \u00bb1,5em \u00bb header_3_line_height_phone= \u00bb1,6em \u00bb header_3_line_height_last_edited= \u00bbdesligado|desktop \u00bb global_colors_info= \u00bb{} \u00bb]<\/p>\n<h3>Loja de c\u00e3es HDB<\/h3>\n<p>[\/et_pb_text][et_pb_text _builder_version= \u00bb4.16\u2033 _module_preset= \u00bbpadr\u00e3o \u00bb text_font= \u00bbJosefin Sans|||||||| \u00bb text_text_color= \u00bb#000000\u2033 text_font_size= \u00bb16px \u00bb text_line_height= \u00bb1,4em \u00bb header_2_line_height= \u00bb1,3em \u00bb header_3_font= \u00bbCerca de Um|700||||||| \u00bb header_3_text_color= \u00bb#000000\u2033 header_3_line_height= \u00bb1.4em \u00bb text_font_size_tablet= \u00bb \u00bb text_font_size_phone= \u00bb14px \u00bb text_font_size_last_edited= \u00bbon|phone \u00bb text_line_height_tablet= \u00bb1.6em \u00bb text_line_height_phone= \u00bb1.8em \u00bb text_line_height_last _edited= \u00bbem|tablet\u00bb header_2_line_height_tablet= \u00bb 1.5em \u00bb header_2_line_height_phone= \u00bb1.6em \u00bb header_2_line_height_last_edited= \u00bbno|desktop \u00bb header_3_font_size_tablet= \u00bb18px \u00bb header_3_font_size_phone= \u00bb16px \u00bb header_3_font_size_last_edited= \u00bbon|phone \u00bb header_3_line_height_tablet= \u00bb1.5em \u00bb header_3_line_he ight_phone= \u00bb1.6em \u00bb header_3_line_height_last_edited= \u00bbligado | telefone \u00bb global_colors_info= \u00bb{} \u00bb]<\/p>\n<p><span>Caseiro<br \/>e venda de acess\u00f3rios<br \/>para animais<\/span><\/p>\n<p>[\/et_pb_text] _line_height = \u00bb1,4em \u00bb header_2_line_height= \u00bb1,3em \u00bb header_3_font= \u00bbCerca de um|700||||||| \u00bb header_3_text_color= \u00bb#000000\u2033 header_3_font_size= \u00bb16px \u00bb header_3_line_height= \u00bb1.6em \u00bb custom_margin= \u00bb||10px||false|false \u00bb text_font_size_tablet= \u00bb \u00bb text_font_size_phone= \u00bb14px \u00bb text_font_size_last_edited= \u00bbon|phone \u00bb text _line_height_tablet= \u00bb 1.6 em \u00bb text_line_height_phone= \u00bb1.8em \u00bb text_line_height_last_edited= \u00bbon|tablet \u00bb header_2_line_height_tablet= \u00bb1.5em \u00bb header_2_line_height_phone= \u00bb1.6em \u00bb header_2_line_height_last_edited= \u00bbon|desktop \u00bb bloqueado= \u00bboff \u00bb global_colors_info= \u00bb{} \u00bb]<\/p>\n<h3>Contate-Nos<\/h3>\n<p>[\/et_pb_text][et_pb_text _builder_version= \u00bb4.20.2\u2033 _module_preset= \u00bbpadr\u00e3o \u00bb text_font= \u00bbJosefin Sans|||||||| \u00bb text_text_color= \u00bb#000000\u2033 text_font_size= \u00bb16px \u00bb text_line_height= \u00bb1.4em \u00bb link_text_color= \u00bb#134c5f \u00bb header_2_line_height= \u00bb1.3em \u00bb header_3_font= \u00bbCerca de um|700||||||| \u00bb header_3_text_color= \u00bb#000000\u2033 header_3_line_height= \u00bb1.4em \u00bb text_font_size_tablet= \u00bb \u00bb text_font_size_phone= \u00bb14px \u00bb text_font_size_last_edited= \u00bbon|phone \u00bb text_line_height_tablet= \u00bb1.6em \u00bb text_line_height_phone= \u00bb1.8em \u00bb text_line_height_ last_edited= \u00bbem|tablet\u00bb header_2_line_height_tablet= \u00bb 1.5em \u00bb header_2_line_height_phone= \u00bb1.6em \u00bb header_2_line_height_last_edited= \u00bbno | desktop \u00bb header_3_font_size_tablet= \u00bb18px \u00bb header_3_font_size_phone= \u00bb16px \u00bb header_3_font_size_last_edited= \u00bbon|phone \u00bb header_3_line_height_tablet= \u00bb1.5em \u00bb header_3_line_ height_phone= \u00bb1.6em \u00bb header_3_line_height_last_edited= \u00bbligado | telefone \u00bb global_colors_info= \u00bb{} \u00bb]<\/p>\n<p>HDB ADB<br \/>Rua da Azenha 19<br \/>2510 508 Olho Marinho \u2013 Portugal<\/p>\n<p>06 24 74 05 79<\/p>\n<p>contato.hdbdogshop@gmail.com<\/p>\n<p>[\/et_pb_text] _line_height = \u00bb1,4em \u00bb header_2_line_height= \u00bb1,3em \u00bb header_3_font= \u00bbCerca de um|700||||||| \u00bb header_3_text_color= \u00bb#000000\u2033 header_3_font_size= \u00bb16px \u00bb header_3_line_height= \u00bb1.6em \u00bb custom_margin= \u00bb||10px||false|false \u00bb text_font_size_tablet= \u00bb \u00bb text_font_size_phone= \u00bb14px \u00bb text_font_size_last_edited= \u00bbon|phone \u00bb text _line_height_tablet= \u00bb 1.6 em \u00bb text_line_height_phone= \u00bb1.8em \u00bb text_line_height_last_edited= \u00bbon|tablet \u00bb header_2_line_height_tablet= \u00bb1.5em \u00bb header_2_line_height_phone= \u00bb1.6em \u00bb header_2_line_height_last_edited= \u00bbon|desktop \u00bb bloqueado= \u00bboff \u00bb global_colors_info= \u00bb{} \u00bb]<\/p>\n<h3>Horarios de funcionamento<\/h3>\n<p>[\/et_pb_text][et_pb_text _builder_version= \u00bb4.16\u2033 _module_preset= \u00bbpadr\u00e3o \u00bb text_font= \u00bbJosefin Sans|||||||| \u00bb text_text_color= \u00bb#000000\u2033 text_font_size= \u00bb16px \u00bb text_line_height= \u00bb1.4em \u00bb link_text_color= \u00bb#134c5f \u00bb header_2_line_height= \u00bb1.3em \u00bb header_3_font= \u00bbCerca de um|700||||||| \u00bb header_3_text_color= \u00bb#000000\u2033 header_3_line_height= \u00bb1.4em \u00bb text_font_size_tablet= \u00bb \u00bb text_font_size_phone= \u00bb14px \u00bb text_font_size_last_edited= \u00bbon|phone \u00bb text_line_height_tablet= \u00bb1.6em \u00bb text_line_height_phone= \u00bb1.8em \u00bb text_line_height_last _edited= \u00bbem|tablet\u00bb header_2_line_height_tablet= \u00bb 1.5em \u00bb header_2_line_height_phone= \u00bb1.6em \u00bb header_2_line_height_last_edited= \u00bbno|desktop \u00bb header_3_font_size_tablet= \u00bb18px \u00bb header_3_font_size_phone= \u00bb16px \u00bb header_3_font_size_last_edited= \u00bbon|phone \u00bb header_3_line_height_tablet= \u00bb1.5em \u00bb header_3_line_he ight_phone= \u00bb1.6em \u00bb header_3_line_height_last_edited= \u00bbligado | telefone \u00bb global_colors_info= \u00bb{} \u00bb]<\/p>\n<p>Segunda a sexta: 10h \u00e0s 17h<\/p>\n<p>S\u00e1bado: 10h \u2013 18h<\/p>\n<p>Domingo: fechado<\/p>\n<p>[\/et_pb_text] _line_height = \u00bb1,4em \u00bb header_2_line_height= \u00bb1,3em \u00bb header_3_font= \u00bbCerca de um|700||||||| \u00bb header_3_text_color= \u00bb#000000\u2033 header_3_font_size= \u00bb16px \u00bb header_3_line_height= \u00bb1.6em \u00bb custom_margin= \u00bb||10px||false|false \u00bb text_font_size_tablet= \u00bb \u00bb text_font_size_phone= \u00bb14px \u00bb text_font_size_last_edited= \u00bbon|phone \u00bb text _line_height_tablet= \u00bb 1.6 em \u00bb text_line_height_phone= \u00bb1.8em \u00bb text_line_height_last_edited= \u00bbon|tablet \u00bb header_2_line_height_tablet= \u00bb1.5em \u00bb header_2_line_height_phone= \u00bb1.6em \u00bb header_2_line_height_last_edited= \u00bbon|desktop \u00bb bloqueado= \u00bboff \u00bb global_colors_info= \u00bb{} \u00bb]<\/p>\n<h3>Sobre<\/h3>\n<p>[\/et_pb_text][et_pb_text _builder_version= \u00bb4.16\u2033 _module_preset= \u00bbpadr\u00e3o \u00bb text_font= \u00bbJosefin Sans|||||||| \u00bb text_text_color= \u00bb#000000\u2033 text_font_size= \u00bb16px \u00bb text_line_height= \u00bb1.4em \u00bb link_text_color= \u00bb#134c5f \u00bb header_2_line_height= \u00bb1.3em \u00bb header_3_font= \u00bbCerca de um|700||||||| \u00bb header_3_text_color= \u00bb#000000\u2033 header_3_line_height= \u00bb1.4em \u00bb text_font_size_tablet= \u00bb \u00bb text_font_size_phone= \u00bb14px \u00bb text_font_size_last_edited= \u00bbon|phone \u00bb text_line_height_tablet= \u00bb1.6em \u00bb text_line_height_phone= \u00bb1.8em \u00bb text_line_height_last _edited= \u00bbem|tablet\u00bb header_2_line_height_tablet= \u00bb 1.5em \u00bb header_2_line_height_phone= \u00bb1.6em \u00bb header_2_line_height_last_edited= \u00bbno|desktop \u00bb header_3_font_size_tablet= \u00bb18px \u00bb header_3_font_size_phone= \u00bb16px \u00bb header_3_font_size_last_edited= \u00bbon|phone \u00bb header_3_line_height_tablet= \u00bb1.5em \u00bb header_3_line_he ight_phone= \u00bb1.6em \u00bb header_3_line_height_last_edited= \u00bbligado | telefone \u00bb bloqueado= \u00bbdesligado \u00bb global_colors_info= \u00bb{} \u00bb]<\/p>\n<p><a href=\"https:\/\/hdbdogshop.com\/pt\/conditions-generales-de-vente\/\">Termos de vendas<\/a><\/p>\n<p><a href=\"https:\/\/hdbdogshop.com\/pt\/mentions-legales\/\">Aviso Legal<\/a><\/p>\n<p>[\/et_pb_text][\/et_pb_column][\/et_pb_row][\/et_pb_section]<\/p>","protected":false},"excerpt":{"rendered":"<p>Contactar ushdb adb rua da azenha 192510 508 Olho Marinho-Portugal 06 24 74 05 79 contact.hdbdogshop@gmail.comhdb Dog ShopFabrica\u00e7\u00e3o artesanal e venda de acess\u00f3rios para animais que CONTACTEZZZ-WeHDB adbrua da azenha 192510 508 OLHO MARINHO-Portugal 06 24 hdbdogshop@ gmail.comHor\u00e1rio de funcionamentoSegunda a sexta: 10h \u00e0s 17h S\u00e1bado: 10h \u00e0s 18h\u200b\u200b Domingo: fechadoSobreCondi\u00e7\u00f5es [\u2026]<\/p>","protected":false},"author":1,"featured_media":0,"parent":0,"menu_order":0,"comment_status":"closed","ping_status":"closed","template":"","meta":{"_et_pb_use_builder":"on","_et_pb_old_content":"","_et_gb_content_width":"","footnotes":""},"class_list":["post-265","page","type-page","status-publish","hentry"],"_links":{"self":[{"href":"https:\/\/hdbdogshop.com\/pt\/wp-json\/wp\/v2\/pages\/265","targetHints":{"allow":["GET"]}}],"collection":[{"href":"https:\/\/hdbdogshop.com\/pt\/wp-json\/wp\/v2\/pages"}],"about":[{"href":"https:\/\/hdbdogshop.com\/pt\/wp-json\/wp\/v2\/types\/page"}],"author":[{"embeddable":true,"href":"https:\/\/hdbdogshop.com\/pt\/wp-json\/wp\/v2\/users\/1"}],"replies":[{"embeddable":true,"href":"https:\/\/hdbdogshop.com\/pt\/wp-json\/wp\/v2\/comments?post=265"}],"version-history":[{"count":8,"href":"https:\/\/hdbdogshop.com\/pt\/wp-json\/wp\/v2\/pages\/265\/revisions"}],"predecessor-version":[{"id":956,"href":"https:\/\/hdbdogshop.com\/pt\/wp-json\/wp\/v2\/pages\/265\/revisions\/956"}],"wp:attachment":[{"href":"https:\/\/hdbdogshop.com\/pt\/wp-json\/wp\/v2\/media?parent=265"}],"curies":[{"name":"wp","href":"https:\/\/api.w.org\/{rel}","templated":true}]}}